{"id":3937,"date":"2021-04-20T06:13:38","date_gmt":"2021-04-20T06:13:38","guid":{"rendered":"https:\/\/drugshopweb.com\/datenschutzrichtlinie\/"},"modified":"2021-04-20T06:13:38","modified_gmt":"2021-04-20T06:13:38","slug":"datenschutzrichtlinie","status":"publish","type":"page","link":"https:\/\/drugshopweb.com\/de\/datenschutzrichtlinie\/","title":{"rendered":"Datenschutzrichtlinie"},"content":{"rendered":"<h2>Nutzungsbedingungen der Drogerie-Website:<\/h2>\n<p><strong>&#8211; Sie m\u00fcssen mindestens 18 Jahre alt sein<\/strong><\/p>\n<p><strong>&#8211; Sie sind kein Gesetzesh\u00fcter irgendeiner Art<\/strong><\/p>\n<p><strong>&#8211; Wir versenden die Ware nach Zahlungseingang.<\/strong><\/p>\n<p><strong>&#8211; Wir haben eine Geld-zur\u00fcck-Garantie, die besagt, dass Sie, wenn Sie Ihr Paket nach 10 Tagen nicht erhalten, das uneingeschr\u00e4nkte Recht haben, eine 100-prozentige R\u00fcckerstattung oder eine erneute Zustellung des Pakets zu verlangen, und wir werden Ihrem Wunsch ohne Fragen nachkommen.<\/strong><\/p>\n<p><strong>&#8211; F\u00fcr alle bei uns gekauften Produkte gilt eine gesetzliche Garantie. Das bedeutet, dass ein Produkt in gutem Zustand sein und bei Gebrauch einwandfrei funktionieren muss. Wenn Sie ein Produkt erhalten, das diese Anforderung nicht erf\u00fcllt, bieten wir Ihnen je nach Produkt eine Reparatur, einen Ersatz oder eine R\u00fcckerstattung an. Zus\u00e4tzlich zur gesetzlichen Garantie verf\u00fcgen bestimmte Produkte \u00fcber eine Herstellergarantie, eine zus\u00e4tzliche Garantie des Herstellers oder Importeurs. Weitere Informationen zum Hersteller finden Sie in der Produktdokumentation. Wenn Sie ein defektes Produkt haben, das unter die Garantie f\u00e4llt, kontaktieren Sie uns bitte zun\u00e4chst per E-Mail oder \u00fcber unser Kontaktformular.     <\/strong><\/p>\n<p><strong>&#8211; Wir versenden unsere Produkte diskret und sind 100 % sicher und garantieren die Lieferung. Wir m\u00f6chten niemanden dazu ermutigen, gegen das Gesetz zu versto\u00dfen. Wir m\u00f6chten betonen, dass jeder, der unsere Produkte verwendet, f\u00fcr sein zuk\u00fcnftiges Handeln voll verantwortlich ist.  <\/strong><\/p>\n<p><strong>&#8211; F\u00fcr Sch\u00e4den, die durch unsachgem\u00e4\u00dfen oder rechtswidrigen Gebrauch der gekauften Produkte entstehen, haften wir nicht.<\/strong><\/p>\n<p><strong>&#8211; Diese Website und unsere Produkte sind f\u00fcr Personen \u00fcber 18 Jahren bestimmt. Kein Verkauf an Minderj\u00e4hrige, nur an Erwachsene! Bewahren Sie alle unsere Produkte au\u00dferhalb der Reichweite von Kindern auf.  <\/strong><\/p>\n<p><strong>&#8211; Wir verstehen, dass der Schutz aller von Ihnen bereitgestellten Informationen von gr\u00f6\u00dfter Bedeutung ist. Deshalb tun wir alles M\u00f6gliche, um diese sorgf\u00e4ltig und vern\u00fcnftig zu nutzen. Diese Informationen werden niemals an andere Unternehmen oder Drittanbieter weitergegeben.  <\/strong><\/p>\n<p><strong>&#8211; Alle Transaktionen auf unserer Checkout-Seite sind 100 % sicher. Wir sch\u00fctzen die Sicherheit Ihrer Daten durch die Verwendung einer 256-Bit Secure Sockets Layer (SSL)-Software, die alle von Ihnen eingegebenen Daten verschl\u00fcsselt. Dar\u00fcber hinaus sind unsere Abrechnungsserver von unabh\u00e4ngigen und renommierten Agenturen zertifiziert, die sicherstellen, dass Ihre Daten sicher und vertraulich behandelt werden.  <\/strong><\/p>\n<p><strong>&#8211; Wir erfassen nur diejenigen personenbezogenen Daten (z. B. Ihren Vor- und Nachnamen, Ihre E-Mail-Adresse, Ihre Telefonnummer, Ihr Geburtsdatum usw.), die Sie als Betroffener personenbezogener Daten wissentlich und freiwillig angeben, um die Dienste dieser Site zu nutzen. Gem\u00e4\u00df den gesetzlichen Anforderungen stellt dies eine Zustimmung des Betroffenen personenbezogener Daten zur Verarbeitung seiner personenbezogenen Daten gem\u00e4\u00df dem in dieser Richtlinie dargelegten Verarbeitungszweck dar.<\/strong><\/p>\n<p><strong>&#8211; Wir sammeln keine Informationen, f\u00fcr deren Verarbeitung gesetzlich bestimmte Anforderungen festgelegt sind. Zu diesen Informationen geh\u00f6ren Daten \u00fcber die rassische oder ethnische Herkunft, politische, religi\u00f6se oder ideologische \u00dcberzeugungen, Mitgliedschaft in politischen Parteien und Gewerkschaften, Verurteilungen wegen strafrechtlicher Bestrafung bei der Begehung eines Verbrechens oder Verurteilungen wegen strafrechtlicher Bestrafung sowie Daten \u00fcber Gesundheit, Sexualit\u00e4t, biometrische oder genetische Daten. <\/strong><\/p>\n<p><strong>&#8211; Wir sammeln Daten \u00fcber die Statistiken zum Besuch der Website. Informationen k\u00f6nnen Daten \u00fcber Verbindungen, Verkehr und den Browser des Benutzers enthalten, sogenannte Cookies. <\/strong><\/p>\n<p><strong>&#8211; Ein Cookie ist eine Textdatei oder -datei mit einer kleinen Menge an Informationen, die an einen Webbrowser gesendet und auf dem Ger\u00e4t des Benutzers gespeichert wird. Bei diesen Ger\u00e4ten kann es sich um einen Computer, ein Mobiltelefon oder ein anderes Ger\u00e4t handeln, \u00fcber das der Benutzer die Site besucht. <\/strong><\/p>\n<p><strong>&#8211; Die Website verwendet dauerhafte Cookies, um die pers\u00f6nlichen Einstellungen des Benutzers auf unserer Website (wie Sprache, Land oder W\u00e4hrung) zu speichern. Es werden auch tempor\u00e4re Cookies verwendet (sogenannte Sitzungsdateien, die gel\u00f6scht werden, wenn der Browser geschlossen wird), um den Benutzer w\u00e4hrend der Websitzung zu identifizieren. Das Deaktivieren von Cookies kann zu einer St\u00f6rung des Betriebs der Website f\u00fchren.  <\/strong><\/p>\n","protected":false},"excerpt":{"rendered":"<p>Nutzungsbedingungen der Drogerie-Website: &#8211; Sie m\u00fcssen mindestens 18 Jahre alt sein &#8211; Sie sind kein Gesetzesh\u00fcter irgendeiner Art &#8211; Wir versenden die Ware nach Zahlungseingang. &#8211; Wir haben eine Geld-zur\u00fcck-Garantie, die besagt, dass Sie, wenn Sie Ihr Paket nach 10 Tagen nicht erhalten, das uneingeschr\u00e4nkte Recht haben, eine 100-prozentige R\u00fcckerstattung oder eine erneute Zustellung des [&#8230;]\n","protected":false},"author":1,"featured_media":0,"parent":0,"menu_order":0,"comment_status":"closed","ping_status":"open","template":"","meta":{"footnotes":""},"class_list":["post-3937","page","type-page","status-publish","hentry"],"_links":{"self":[{"href":"https:\/\/drugshopweb.com\/de\/wp-json\/wp\/v2\/pages\/3937","targetHints":{"allow":["GET"]}}],"collection":[{"href":"https:\/\/drugshopweb.com\/de\/wp-json\/wp\/v2\/pages"}],"about":[{"href":"https:\/\/drugshopweb.com\/de\/wp-json\/wp\/v2\/types\/page"}],"author":[{"embeddable":true,"href":"https:\/\/drugshopweb.com\/de\/wp-json\/wp\/v2\/users\/1"}],"replies":[{"embeddable":true,"href":"https:\/\/drugshopweb.com\/de\/wp-json\/wp\/v2\/comments?post=3937"}],"version-history":[{"count":0,"href":"https:\/\/drugshopweb.com\/de\/wp-json\/wp\/v2\/pages\/3937\/revisions"}],"wp:attachment":[{"href":"https:\/\/drugshopweb.com\/de\/wp-json\/wp\/v2\/media?parent=3937"}],"curies":[{"name":"wp","href":"https:\/\/api.w.org\/{rel}","templated":true}]}}