{"id":3935,"date":"2021-04-20T06:13:38","date_gmt":"2021-04-20T06:13:38","guid":{"rendered":"https:\/\/drugshopweb.com\/politica-de-privacidad\/"},"modified":"2021-04-20T06:13:38","modified_gmt":"2021-04-20T06:13:38","slug":"politica-de-privacidad","status":"publish","type":"page","link":"https:\/\/drugshopweb.com\/es\/politica-de-privacidad\/","title":{"rendered":"pol\u00edtica de privacidad"},"content":{"rendered":"<h2>Condiciones de uso de la web de farmacia:<\/h2>\n<p><strong>&#8211; Debes tener 18 a\u00f1os o m\u00e1s.<\/strong><\/p>\n<p><strong>&#8211; No eres un agente de la ley de ning\u00fan tipo.<\/strong><\/p>\n<p><strong>&#8211; Enviamos la mercanc\u00eda despu\u00e9s de recibir el pago.<\/strong><\/p>\n<p><strong>&#8211; Tenemos una pol\u00edtica de garant\u00eda de devoluci\u00f3n de dinero que establece que si no recibe su paquete despu\u00e9s de 10 d\u00edas, tiene todo el derecho de solicitar un reembolso del 100% o el reenv\u00edo del paquete y cumpliremos con su solicitud sin ninguna pregunta.<\/strong><\/p>\n<p><strong>&#8211; Todos los productos comprados en nosotros vienen con una garant\u00eda legal. Esto significa que un producto debe estar en buenas condiciones y funcionar adecuadamente cuando se utiliza. Si recibe un producto que no cumple este requisito, le proporcionaremos una reparaci\u00f3n, un reemplazo o un reembolso seg\u00fan el producto. Adem\u00e1s de la garant\u00eda legal, ciertos productos vienen con una garant\u00eda del fabricante, que es una garant\u00eda adicional proporcionada por el fabricante o el importador. Puede encontrar m\u00e1s informaci\u00f3n sobre el fabricante en la documentaci\u00f3n del producto. Si tiene un producto defectuoso que est\u00e1 cubierto por la garant\u00eda, comun\u00edquese con nosotros primero por correo electr\u00f3nico o mediante nuestro formulario de contacto.     <\/strong><\/p>\n<p><strong>&#8211; Enviamos nuestros productos de forma discreta y estamos 100% seguros y garantizamos la entrega. No queremos alentar a nadie a actuar contra la ley. Queremos enfatizar que cualquier persona que utilice nuestros productos es totalmente responsable de sus propias acciones futuras.  <\/strong><\/p>\n<p><strong>&#8211; No nos hacemos responsables de los da\u00f1os resultantes de un uso indebido o ilegal de los productos adquiridos.<\/strong><\/p>\n<p><strong>&#8211; Este sitio web y nuestros productos est\u00e1n destinados a personas mayores de 18 a\u00f1os. \u00a1No venta a menores, solo adultos! Mantenga todos nuestros productos fuera del alcance de los ni\u00f1os.  <\/strong><\/p>\n<p><strong>&#8211; Entendemos que la privacidad de toda la informaci\u00f3n que usted proporciona es de primordial importancia. Por eso hacemos todo lo posible para utilizarlo con cuidado y sensatez. Esta informaci\u00f3n nunca se comparte con otras empresas o proveedores de servicios externos.  <\/strong><\/p>\n<p><strong>&#8211; Todas las transacciones en nuestra p\u00e1gina de pago son 100% seguras. Protegemos la seguridad de su informaci\u00f3n mediante el uso de software Secure Sockets Layer (SSL) de 256 bits, que encripta toda la informaci\u00f3n que usted ingresa. Adem\u00e1s, nuestros servidores de facturaci\u00f3n est\u00e1n certificados por agencias independientes y de buena reputaci\u00f3n que garantizan que mantenemos su informaci\u00f3n segura y privada.  <\/strong><\/p>\n<p><strong>&#8211; Recopilamos \u00fanicamente aquellos datos personales (por ejemplo, su nombre y apellido, direcci\u00f3n de correo electr\u00f3nico, n\u00famero de tel\u00e9fono de contacto, fecha de nacimiento, etc.) que usted proporciona consciente y voluntariamente como sujeto de datos personales para utilizar los servicios de este Sitio, que de acuerdo con los requisitos de la ley es el consentimiento del sujeto de datos personales para el procesamiento de sus datos personales de acuerdo con el prop\u00f3sito de procesarlos presentado en esta Pol\u00edtica.<\/strong><\/p>\n<p><strong>&#8211; No recopilamos ninguna informaci\u00f3n respecto de cuyo tratamiento se cumplan determinados requisitos establecidos por la ley. Esta informaci\u00f3n incluye datos sobre el origen racial o \u00e9tnico, las creencias pol\u00edticas, religiosas o ideol\u00f3gicas, la afiliaci\u00f3n a partidos pol\u00edticos y sindicatos, las condenas por penas penales por la comisi\u00f3n de un delito o la condena a penas penales, as\u00ed como datos relativos a la salud, la sexualidad, datos biom\u00e9tricos o gen\u00e9ticos. <\/strong><\/p>\n<p><strong>&#8211; Recopilamos datos sobre las estad\u00edsticas de visitas al Sitio. La informaci\u00f3n puede contener datos sobre conexiones, tr\u00e1fico y el navegador del usuario, las llamadas cookies. <\/strong><\/p>\n<p><strong>&#8211; Una cookie es un archivo o archivos de texto que contienen una peque\u00f1a cantidad de informaci\u00f3n que se env\u00eda a un navegador web y se almacena en el dispositivo del usuario. Estos dispositivos pueden incluir una computadora, un tel\u00e9fono m\u00f3vil u otro dispositivo a trav\u00e9s del cual el usuario visita el Sitio. <\/strong><\/p>\n<p><strong>&#8211; El sitio utiliza cookies persistentes para almacenar la configuraci\u00f3n personal del usuario en nuestro Sitio (como idioma, pa\u00eds o moneda). Tambi\u00e9n se utilizan cookies temporales (los llamados archivos de sesi\u00f3n que se eliminan al cerrar el navegador) para identificar al usuario durante la sesi\u00f3n web. La desactivaci\u00f3n de las cookies puede provocar la interrupci\u00f3n del funcionamiento del Sitio.  <\/strong><\/p>\n","protected":false},"excerpt":{"rendered":"<p>Condiciones de uso de la web de farmacia: &#8211; Debes tener 18 a\u00f1os o m\u00e1s. &#8211; No eres un agente de la ley de ning\u00fan tipo. &#8211; Enviamos la mercanc\u00eda despu\u00e9s de recibir el pago. &#8211; Tenemos una pol\u00edtica de garant\u00eda de devoluci\u00f3n de dinero que establece que si no recibe su paquete despu\u00e9s de [&#8230;]\n","protected":false},"author":1,"featured_media":0,"parent":0,"menu_order":0,"comment_status":"closed","ping_status":"open","template":"","meta":{"footnotes":""},"class_list":["post-3935","page","type-page","status-publish","hentry"],"_links":{"self":[{"href":"https:\/\/drugshopweb.com\/es\/wp-json\/wp\/v2\/pages\/3935","targetHints":{"allow":["GET"]}}],"collection":[{"href":"https:\/\/drugshopweb.com\/es\/wp-json\/wp\/v2\/pages"}],"about":[{"href":"https:\/\/drugshopweb.com\/es\/wp-json\/wp\/v2\/types\/page"}],"author":[{"embeddable":true,"href":"https:\/\/drugshopweb.com\/es\/wp-json\/wp\/v2\/users\/1"}],"replies":[{"embeddable":true,"href":"https:\/\/drugshopweb.com\/es\/wp-json\/wp\/v2\/comments?post=3935"}],"version-history":[{"count":0,"href":"https:\/\/drugshopweb.com\/es\/wp-json\/wp\/v2\/pages\/3935\/revisions"}],"wp:attachment":[{"href":"https:\/\/drugshopweb.com\/es\/wp-json\/wp\/v2\/media?parent=3935"}],"curies":[{"name":"wp","href":"https:\/\/api.w.org\/{rel}","templated":true}]}}