{"id":3938,"date":"2021-04-20T06:13:38","date_gmt":"2021-04-20T06:13:38","guid":{"rendered":"https:\/\/drugshopweb.com\/politique-de-confidentialite\/"},"modified":"2021-04-20T06:13:38","modified_gmt":"2021-04-20T06:13:38","slug":"politique-de-confidentialite","status":"publish","type":"page","link":"https:\/\/drugshopweb.com\/fr\/politique-de-confidentialite\/","title":{"rendered":"politique de confidentialit\u00e9"},"content":{"rendered":"<h2>Conditions d&rsquo;utilisation du site Web de la pharmacie :<\/h2>\n<p><strong>&#8211; Vous devez \u00eatre \u00e2g\u00e9 de 18 ans ou plus<\/strong><\/p>\n<p><strong>&#8211; Vous n&rsquo;\u00eates pas un agent des forces de l&rsquo;ordre de quelque sorte que ce soit<\/strong><\/p>\n<p><strong>&#8211; Nous exp\u00e9dions les marchandises apr\u00e8s r\u00e9ception du paiement.<\/strong><\/p>\n<p><strong>&#8211; Nous avons une politique de garantie de remboursement qui stipule que si vous ne recevez pas votre colis apr\u00e8s 10 jours, vous avez le droit de demander un remboursement \u00e0 100 % ou une r\u00e9exp\u00e9dition du colis et nous r\u00e9pondrons \u00e0 votre demande sans aucune question.<\/strong><\/p>\n<p><strong>&#8211; Tous les produits achet\u00e9s chez nous b\u00e9n\u00e9ficient d&rsquo;une garantie l\u00e9gale. Cela signifie qu\u2019un produit doit \u00eatre en bon \u00e9tat et doit fonctionner correctement lorsqu\u2019il est utilis\u00e9. Si vous recevez un produit qui ne r\u00e9pond pas \u00e0 cette exigence, nous vous fournirons une r\u00e9paration, un remplacement ou un remboursement selon le produit. En plus de la garantie l\u00e9gale, certains produits b\u00e9n\u00e9ficient d\u2019une garantie fabricant qui est une garantie suppl\u00e9mentaire fournie par le fabricant ou l\u2019importateur. Vous trouverez plus d&rsquo;informations sur le fabricant dans la documentation du produit. Si vous avez un produit d\u00e9fectueux qui tombe sous garantie, veuillez d&rsquo;abord nous contacter par email ou via notre formulaire de contact.     <\/strong><\/p>\n<p><strong>&#8211; Nous exp\u00e9dions nos produits de mani\u00e8re discr\u00e8te et nous sommes 100% s\u00fbrs et garantissons la livraison. Nous ne voulons encourager personne \u00e0 agir contre la loi. Nous tenons \u00e0 souligner que toute personne utilisant nos produits est enti\u00e8rement responsable de ses propres actions futures.  <\/strong><\/p>\n<p><strong>&#8211; Nous ne pouvons \u00eatre tenus responsables des dommages r\u00e9sultant d&rsquo;une utilisation impropre ou illicite des produits achet\u00e9s.<\/strong><\/p>\n<p><strong>&#8211; Ce site Web et nos produits sont destin\u00e9s aux personnes de plus de 18 ans. Pas de vente aux mineurs, uniquement aux majeurs ! Gardez tous nos produits hors de port\u00e9e des enfants  <\/strong><\/p>\n<p><strong>&#8211; Nous comprenons que la confidentialit\u00e9 de toutes les informations que vous fournissez est d\u2019une importance primordiale. C\u2019est pourquoi nous mettons tout en \u0153uvre pour l\u2019utiliser avec pr\u00e9caution et bon sens. Ces informations ne sont jamais partag\u00e9es avec d\u2019autres soci\u00e9t\u00e9s ou prestataires de services tiers.  <\/strong><\/p>\n<p><strong>&#8211; Toutes les transactions sur notre page de paiement sont 100% s\u00e9curis\u00e9es. Nous prot\u00e9geons la s\u00e9curit\u00e9 de vos informations en utilisant le logiciel Secure Sockets Layer (SSL) 256 bits, qui crypte toutes les informations que vous saisissez. De plus, nos serveurs de facturation sont certifi\u00e9s par des agences ind\u00e9pendantes et r\u00e9put\u00e9es qui garantissent que nous gardons vos informations en toute s\u00e9curit\u00e9 et confidentialit\u00e9.  <\/strong><\/p>\n<p><strong>&#8211; Nous collectons uniquement les donn\u00e9es personnelles (par exemple, votre nom et pr\u00e9nom, adresse e-mail, num\u00e9ro de t\u00e9l\u00e9phone de contact, date de naissance, etc.) qui sont sciemment et volontairement fournies par vous en tant que sujet de donn\u00e9es personnelles afin d&rsquo;utiliser les services de ce Site, ce qui, conform\u00e9ment aux exigences de la loi, constitue le consentement du sujet des donn\u00e9es personnelles au traitement de ses donn\u00e9es personnelles conform\u00e9ment \u00e0 la finalit\u00e9 de leur traitement pr\u00e9sent\u00e9e dans la pr\u00e9sente Politique.<\/strong><\/p>\n<p><strong>&#8211; Nous ne collectons aucune information concernant le traitement dont certaines exigences sont \u00e9tablies par la loi. Ces informations comprennent des donn\u00e9es sur l\u2019origine raciale ou ethnique, les convictions politiques, religieuses ou id\u00e9ologiques, l\u2019appartenance \u00e0 des partis politiques et \u00e0 des syndicats, les condamnations p\u00e9nales pour avoir commis un crime ou une condamnation p\u00e9nale, ainsi que les donn\u00e9es relatives \u00e0 la sant\u00e9, \u00e0 la sexualit\u00e9, aux donn\u00e9es biom\u00e9triques ou g\u00e9n\u00e9tiques. <\/strong><\/p>\n<p><strong>&#8211; Nous collectons des donn\u00e9es sur les statistiques de fr\u00e9quentation du Site. Les informations peuvent contenir des donn\u00e9es sur les connexions, le trafic et le navigateur de l&rsquo;utilisateur, appel\u00e9s cookies. <\/strong><\/p>\n<p><strong>&#8211; Un cookie est un ou plusieurs fichiers texte contenant une petite quantit\u00e9 d\u2019informations qui sont envoy\u00e9s \u00e0 un navigateur Web et stock\u00e9s sur l\u2019appareil de l\u2019utilisateur. Ces appareils peuvent inclure un ordinateur, un t\u00e9l\u00e9phone mobile ou un autre appareil via lequel l\u2019utilisateur visite le Site. <\/strong><\/p>\n<p><strong>&#8211; Le site utilise des cookies persistants pour stocker les param\u00e8tres personnels de l&rsquo;utilisateur sur notre site (tels que la langue, le pays ou la devise). Des cookies temporaires sont \u00e9galement utilis\u00e9s (appel\u00e9s fichiers de session qui sont supprim\u00e9s lors de la fermeture du navigateur) pour identifier l&rsquo;utilisateur pendant la session Web. La d\u00e9sactivation des cookies peut entra\u00eener une perturbation du fonctionnement du Site.  <\/strong><\/p>\n","protected":false},"excerpt":{"rendered":"<p>Conditions d&rsquo;utilisation du site Web de la pharmacie : &#8211; Vous devez \u00eatre \u00e2g\u00e9 de 18 ans ou plus &#8211; Vous n&rsquo;\u00eates pas un agent des forces de l&rsquo;ordre de quelque sorte que ce soit &#8211; Nous exp\u00e9dions les marchandises apr\u00e8s r\u00e9ception du paiement. &#8211; Nous avons une politique de garantie de remboursement qui stipule [&#8230;]\n","protected":false},"author":1,"featured_media":0,"parent":0,"menu_order":0,"comment_status":"closed","ping_status":"open","template":"","meta":{"footnotes":""},"class_list":["post-3938","page","type-page","status-publish","hentry"],"_links":{"self":[{"href":"https:\/\/drugshopweb.com\/fr\/wp-json\/wp\/v2\/pages\/3938","targetHints":{"allow":["GET"]}}],"collection":[{"href":"https:\/\/drugshopweb.com\/fr\/wp-json\/wp\/v2\/pages"}],"about":[{"href":"https:\/\/drugshopweb.com\/fr\/wp-json\/wp\/v2\/types\/page"}],"author":[{"embeddable":true,"href":"https:\/\/drugshopweb.com\/fr\/wp-json\/wp\/v2\/users\/1"}],"replies":[{"embeddable":true,"href":"https:\/\/drugshopweb.com\/fr\/wp-json\/wp\/v2\/comments?post=3938"}],"version-history":[{"count":0,"href":"https:\/\/drugshopweb.com\/fr\/wp-json\/wp\/v2\/pages\/3938\/revisions"}],"wp:attachment":[{"href":"https:\/\/drugshopweb.com\/fr\/wp-json\/wp\/v2\/media?parent=3938"}],"curies":[{"name":"wp","href":"https:\/\/api.w.org\/{rel}","templated":true}]}}