{"id":3939,"date":"2021-04-20T06:13:38","date_gmt":"2021-04-20T06:13:38","guid":{"rendered":"https:\/\/drugshopweb.com\/politica-de-privacidade\/"},"modified":"2021-04-20T06:13:38","modified_gmt":"2021-04-20T06:13:38","slug":"politica-de-privacidade","status":"publish","type":"page","link":"https:\/\/drugshopweb.com\/pt-pt\/politica-de-privacidade\/","title":{"rendered":"pol\u00edtica de Privacidade"},"content":{"rendered":"<h2>Termos de utiliza\u00e7\u00e3o do site da farm\u00e1cia:<\/h2>\n<p><strong>&#8211; Deve ter 18 anos ou mais<\/strong><\/p>\n<p><strong>&#8211; N\u00e3o \u00e9 um pol\u00edcia de nenhum tipo<\/strong><\/p>\n<p><strong>&#8211; Enviamos as mercadorias ap\u00f3s recebermos o pagamento.<\/strong><\/p>\n<p><strong>&#8211; Temos uma pol\u00edtica de garantia de devolu\u00e7\u00e3o de dinheiro que afirma que se n\u00e3o receber o seu pacote ap\u00f3s 10 dias, tem todo o direito de solicitar o reembolso de 100% ou o reenvio do pacote e atenderemos o seu pedido sem qualquer questionamento.<\/strong><\/p>\n<p><strong>&#8211; Todos os produtos adquiridos connosco t\u00eam garantia legal. Isto significa que um produto deve estar em boas condi\u00e7\u00f5es e deve funcionar corretamente quando \u00e9 utilizado. Se receber um produto que n\u00e3o cumpra este requisito, forneceremos uma repara\u00e7\u00e3o, uma substitui\u00e7\u00e3o ou um reembolso, dependendo do produto. Para al\u00e9m da garantia legal, determinados produtos t\u00eam uma garantia do fabricante, que \u00e9 uma garantia extra fornecida pelo fabricante ou importador. Mais informa\u00e7\u00f5es sobre o fabricante podem ser encontradas na documenta\u00e7\u00e3o do produto. Se tiver um produto com defeito que esteja na garantia, por favor contacte-nos primeiro por e-mail ou atrav\u00e9s do nosso formul\u00e1rio de contacto.     <\/strong><\/p>\n<p><strong>&#8211; Enviamos os nossos produtos de forma discreta e temos 100% de certeza e garantia de entrega. N\u00e3o queremos encorajar ningu\u00e9m a agir contra a lei. Queremos real\u00e7ar que qualquer pessoa que utilize os nossos produtos \u00e9 totalmente respons\u00e1vel pelas suas pr\u00f3prias a\u00e7\u00f5es futuras.  <\/strong><\/p>\n<p><strong>&#8211; N\u00e3o podemos ser responsabilizados por danos resultantes da utiliza\u00e7\u00e3o indevida ou ilegal dos produtos adquiridos.<\/strong><\/p>\n<p><strong>&#8211; Este site e os nossos produtos destinam-se a maiores de 18 anos. N\u00e3o vendemos a menores, apenas a adultos! Mantenha todos os nossos produtos fora do alcance das crian\u00e7as  <\/strong><\/p>\n<p><strong>&#8211; Entendemos que a privacidade de todas as informa\u00e7\u00f5es que fornece \u00e9 de import\u00e2ncia primordial. \u00c9 por isso que fazemos todo o poss\u00edvel para o utilizar com cuidado e sensatez. Estas informa\u00e7\u00f5es nunca s\u00e3o partilhadas com outras empresas ou prestadores de servi\u00e7os terceirizados.  <\/strong><\/p>\n<p><strong>&#8211; Todas as transa\u00e7\u00f5es na nossa p\u00e1gina de checkout s\u00e3o 100% seguras. Protegemos a seguran\u00e7a das suas informa\u00e7\u00f5es utilizando o software Secure Sockets Layer (SSL) de 256 bits, que encripta todas as informa\u00e7\u00f5es que introduz. Al\u00e9m disso, os nossos servidores de fatura\u00e7\u00e3o s\u00e3o certificados por ag\u00eancias independentes e respeit\u00e1veis \u200b\u200bque garantem que as suas informa\u00e7\u00f5es s\u00e3o mantidas seguras e privadas.  <\/strong><\/p>\n<p><strong>&#8211; Apenas recolhemos os dados pessoais (por exemplo, o seu nome e apelido, endere\u00e7o de e-mail, n\u00famero de telefone de contacto, data de nascimento, etc.) que s\u00e3o fornecidos consciente e voluntariamente por si enquanto titular de dados pessoais para utilizar os servi\u00e7os deste Site, o que, de acordo com os requisitos da lei, \u00e9 o consentimento do titular dos dados pessoais para o tratamento dos seus dados pessoais de acordo com a finalidade de tratamento apresentada nesta Pol\u00edtica.<\/strong><\/p>\n<p><strong>&#8211; N\u00e3o recolhemos qualquer informa\u00e7\u00e3o cujo processamento tenha determinados requisitos estabelecidos por lei. Esta informa\u00e7\u00e3o inclui dados sobre a origem racial ou \u00e9tnica, cren\u00e7as pol\u00edticas, religiosas ou ideol\u00f3gicas, filia\u00e7\u00e3o em partidos pol\u00edticos e sindicatos, condena\u00e7\u00f5es por puni\u00e7\u00e3o criminal pela pr\u00e1tica de um crime ou condena\u00e7\u00e3o por puni\u00e7\u00e3o criminal, bem como dados relacionados com a sa\u00fade, sexualidade, dados biom\u00e9tricos ou gen\u00e9ticos. <\/strong><\/p>\n<p><strong>&#8211; Recolhemos dados sobre estat\u00edsticas de visita ao Site. As informa\u00e7\u00f5es podem conter dados sobre as liga\u00e7\u00f5es, o tr\u00e1fego e o browser do utilizador, os chamados cookies. <\/strong><\/p>\n<p><strong>&#8211; Um cookie \u00e9 um ficheiro ou ficheiros de texto contendo uma pequena quantidade de informa\u00e7\u00e3o que \u00e9 enviada para um navegador da Web e armazenada no dispositivo do utilizador. Estes dispositivos podem incluir um computador, telem\u00f3vel ou outro dispositivo atrav\u00e9s do qual o utilizador visita o Site. <\/strong><\/p>\n<p><strong>&#8211; O site utiliza cookies persistentes para armazenar as defini\u00e7\u00f5es pessoais do utilizador no nosso Site (como o idioma, o pa\u00eds ou a moeda). S\u00e3o tamb\u00e9m utilizados cookies tempor\u00e1rios (os chamados ficheiros de sess\u00e3o, que s\u00e3o eliminados quando o browser \u00e9 fechado) para identificar o utilizador durante a sess\u00e3o web. A desativa\u00e7\u00e3o dos cookies pode resultar na interrup\u00e7\u00e3o da opera\u00e7\u00e3o do Site.  <\/strong><\/p>\n","protected":false},"excerpt":{"rendered":"<p>Termos de utiliza\u00e7\u00e3o do site da farm\u00e1cia: &#8211; Deve ter 18 anos ou mais &#8211; N\u00e3o \u00e9 um pol\u00edcia de nenhum tipo &#8211; Enviamos as mercadorias ap\u00f3s recebermos o pagamento. &#8211; Temos uma pol\u00edtica de garantia de devolu\u00e7\u00e3o de dinheiro que afirma que se n\u00e3o receber o seu pacote ap\u00f3s 10 dias, tem todo o [&#8230;]\n","protected":false},"author":1,"featured_media":0,"parent":0,"menu_order":0,"comment_status":"closed","ping_status":"open","template":"","meta":{"footnotes":""},"class_list":["post-3939","page","type-page","status-publish","hentry"],"_links":{"self":[{"href":"https:\/\/drugshopweb.com\/pt-pt\/wp-json\/wp\/v2\/pages\/3939","targetHints":{"allow":["GET"]}}],"collection":[{"href":"https:\/\/drugshopweb.com\/pt-pt\/wp-json\/wp\/v2\/pages"}],"about":[{"href":"https:\/\/drugshopweb.com\/pt-pt\/wp-json\/wp\/v2\/types\/page"}],"author":[{"embeddable":true,"href":"https:\/\/drugshopweb.com\/pt-pt\/wp-json\/wp\/v2\/users\/1"}],"replies":[{"embeddable":true,"href":"https:\/\/drugshopweb.com\/pt-pt\/wp-json\/wp\/v2\/comments?post=3939"}],"version-history":[{"count":0,"href":"https:\/\/drugshopweb.com\/pt-pt\/wp-json\/wp\/v2\/pages\/3939\/revisions"}],"wp:attachment":[{"href":"https:\/\/drugshopweb.com\/pt-pt\/wp-json\/wp\/v2\/media?parent=3939"}],"curies":[{"name":"wp","href":"https:\/\/api.w.org\/{rel}","templated":true}]}}